{"id":1518,"date":"2025-06-25T05:50:08","date_gmt":"2025-06-25T04:50:08","guid":{"rendered":"https:\/\/staging.voye.com\/de\/?page_id=1518"},"modified":"2025-07-08T12:37:22","modified_gmt":"2025-07-08T11:37:22","slug":"auf-wiedersehen-deutschland","status":"publish","type":"page","link":"https:\/\/www.voye.com\/de\/","title":{"rendered":"Auf Wiedersehen Deutschland"},"content":{"rendered":"<p>Die Voye Nikotinkaugummis sind ab dem 15.07.2025 in Deutschland au\u00dfer Vertrieb. Das bedeutet, dass wir die Produkte ab diesem Datum nicht mehr aktiv vertreiben. Restbest\u00e4nde k\u00f6nnen jedoch in einigen Apotheken weiterhin erh\u00e4ltlich sein und k\u00f6nnen bis zum auf der Verpackung angegebenen Verfallsdatum verwendet werden. F\u00fcr die Fortsetzung Deiner Therapie stehen nikotinhaltige Produkte anderer Hersteller auf dem Markt zur Verf\u00fcgung.<\/p>\n<p>Unsere Kontaktdaten bleiben weiterhin aktiv \u2013 siehe unten.<br \/>\nVielen Dank f\u00fcr Dein Vertrauen.<br \/>\nDein Voye Team<\/p>\n","protected":false},"excerpt":{"rendered":"<p>Die Voye Nikotinkaugummis sind ab dem 15.07.2025 in Deutschland au\u00dfer Vertrieb. Das bedeutet, dass wir die Produkte ab diesem Datum nicht mehr aktiv vertreiben. Restbest\u00e4nde k\u00f6nnen jedoch in einigen Apotheken weiterhin erh\u00e4ltlich sein und k\u00f6nnen bis zum auf der Verpackung angegebenen Verfallsdatum verwendet werden. F\u00fcr die Fortsetzung Deiner Therapie stehen nikotinhaltige Produkte anderer Hersteller auf [&hellip;]<\/p>\n","protected":false},"author":2,"featured_media":0,"parent":0,"menu_order":0,"comment_status":"closed","ping_status":"closed","template":"retirement-page.php","meta":{"_acf_changed":false,"footnotes":""},"class_list":["post-1518","page","type-page","status-publish","hentry"],"acf":[],"_links":{"self":[{"href":"https:\/\/www.voye.com\/de\/wp-json\/wp\/v2\/pages\/1518","targetHints":{"allow":["GET"]}}],"collection":[{"href":"https:\/\/www.voye.com\/de\/wp-json\/wp\/v2\/pages"}],"about":[{"href":"https:\/\/www.voye.com\/de\/wp-json\/wp\/v2\/types\/page"}],"author":[{"embeddable":true,"href":"https:\/\/www.voye.com\/de\/wp-json\/wp\/v2\/users\/2"}],"replies":[{"embeddable":true,"href":"https:\/\/www.voye.com\/de\/wp-json\/wp\/v2\/comments?post=1518"}],"version-history":[{"count":2,"href":"https:\/\/www.voye.com\/de\/wp-json\/wp\/v2\/pages\/1518\/revisions"}],"predecessor-version":[{"id":1525,"href":"https:\/\/www.voye.com\/de\/wp-json\/wp\/v2\/pages\/1518\/revisions\/1525"}],"wp:attachment":[{"href":"https:\/\/www.voye.com\/de\/wp-json\/wp\/v2\/media?parent=1518"}],"curies":[{"name":"wp","href":"https:\/\/api.w.org\/{rel}","templated":true}]}}