{"id":1181,"date":"2024-09-06T00:58:11","date_gmt":"2024-09-05T23:58:11","guid":{"rendered":"https:\/\/staging.voye.com\/?page_id=1181"},"modified":"2024-09-13T18:23:52","modified_gmt":"2024-09-13T17:23:52","slug":"pflichtangaben","status":"publish","type":"page","link":"https:\/\/www.voye.com\/de\/pflichtangaben\/","title":{"rendered":"Pflichtangaben"},"content":{"rendered":"<p><strong>Voye Citrus 2mg \/ Citrus 4mg \/ Mint 2mg \/ Mint 4mg wirkstoffhaltiges Kaugummi\u2028<\/strong><br \/>\n<strong>Wirkstoff:\u00a0<\/strong>Nicotin<\/p>\n<p><strong>Anwendungsgebiete:<\/strong><\/p>\n<p>Behandlung der Tabakabh\u00e4ngigkeit durch Linderung der Nicotinentzugssymptome. Unterst\u00fctzung der Raucherentw\u00f6hnung. Auch Raucher, die nicht sofort vollst\u00e4ndig mit dem Rauchen aufh\u00f6ren k\u00f6nnen, k\u00f6nnen Voye verwenden, um ihren Zigarettenkonsum zu reduzieren (Rauchreduktion), um das Rauchen aufzugeben.<\/p>\n<p>Voye 2mg ist f\u00fcr Raucher bestimmt, die vor der Behandlung bis zu 20 Zigaretten pro Tag geraucht haben, Voye 4mg f\u00fcr schwer s\u00fcchtige Raucher, die vor der Behandlung mehr als 20 Zigaretten pro Tag geraucht haben.<\/p>\n<p>Durch zus\u00e4tzliche Beratung und unterst\u00fctzende Ma\u00dfnahmen kann die Erfolgsrate erh\u00f6ht werden.<\/p>\n<p><strong>Warnhinweise:<\/strong><\/p>\n<p>Enth\u00e4lt: Butylhydroxytoluol (E321), Natriumverbindungen, Pfefferminz-Aroma, Minz-Aroma, Levomenthol, Maltitol (E965), Xylitol.<\/p>\n<p><strong>Packungsbeilage beachten.<\/strong><\/p>\n<p>Apothekenpflichtig. Zulassungsinhaber: Fertin Pharma A\/S, Dandyvej 19, DK-7100 Vejle, D\u00e4nemark.<br \/>\nStand: Juli 2024<\/p>\n<p><strong>Zu Risiken und Nebenwirkungen lesen Sie die Packungsbeilage und fragen Sie Ihre \u00c4rztin, Ihren Arzt oder in Ihrer Apotheke.<\/strong><\/p>\n","protected":false},"excerpt":{"rendered":"<p>Voye Citrus 2mg \/ Citrus 4mg \/ Mint 2mg \/ Mint 4mg wirkstoffhaltiges Kaugummi\u2028 Wirkstoff:\u00a0Nicotin Anwendungsgebiete: Behandlung der Tabakabh\u00e4ngigkeit durch Linderung der Nicotinentzugssymptome. Unterst\u00fctzung der Raucherentw\u00f6hnung. Auch Raucher, die nicht sofort vollst\u00e4ndig mit dem Rauchen aufh\u00f6ren k\u00f6nnen, k\u00f6nnen Voye verwenden, um ihren Zigarettenkonsum zu reduzieren (Rauchreduktion), um das Rauchen aufzugeben. Voye 2mg ist f\u00fcr Raucher [&hellip;]<\/p>\n","protected":false},"author":2,"featured_media":0,"parent":0,"menu_order":0,"comment_status":"closed","ping_status":"closed","template":"legal-page.php","meta":{"_acf_changed":false,"footnotes":""},"class_list":["post-1181","page","type-page","status-publish","hentry"],"acf":[],"_links":{"self":[{"href":"https:\/\/www.voye.com\/de\/wp-json\/wp\/v2\/pages\/1181","targetHints":{"allow":["GET"]}}],"collection":[{"href":"https:\/\/www.voye.com\/de\/wp-json\/wp\/v2\/pages"}],"about":[{"href":"https:\/\/www.voye.com\/de\/wp-json\/wp\/v2\/types\/page"}],"author":[{"embeddable":true,"href":"https:\/\/www.voye.com\/de\/wp-json\/wp\/v2\/users\/2"}],"replies":[{"embeddable":true,"href":"https:\/\/www.voye.com\/de\/wp-json\/wp\/v2\/comments?post=1181"}],"version-history":[{"count":2,"href":"https:\/\/www.voye.com\/de\/wp-json\/wp\/v2\/pages\/1181\/revisions"}],"predecessor-version":[{"id":1321,"href":"https:\/\/www.voye.com\/de\/wp-json\/wp\/v2\/pages\/1181\/revisions\/1321"}],"wp:attachment":[{"href":"https:\/\/www.voye.com\/de\/wp-json\/wp\/v2\/media?parent=1181"}],"curies":[{"name":"wp","href":"https:\/\/api.w.org\/{rel}","templated":true}]}}