{"id":1179,"date":"2024-09-06T00:57:56","date_gmt":"2024-09-05T23:57:56","guid":{"rendered":"https:\/\/staging.voye.com\/?page_id=1179"},"modified":"2024-09-12T16:56:24","modified_gmt":"2024-09-12T15:56:24","slug":"impressum","status":"publish","type":"page","link":"https:\/\/www.voye.com\/de\/impressum\/","title":{"rendered":"Impressum"},"content":{"rendered":"<h5>Adresse:<\/h5>\n<p>Diensteanbieter<br \/>\nFertin Pharma A\/S<br \/>\nDandyvej 19<br \/>\nDK-7100 Vejle<br \/>\nD\u00e4nemark<\/p>\n<p>&nbsp;<\/p>\n<h5>Steuer Nummer:<\/h5>\n<p>25834844<\/p>\n<p>&nbsp;<\/p>\n<h5>Handelsregister:<\/h5>\n<p>25834844<\/p>\n<p>&nbsp;<\/p>\n<h5>Gesch\u00e4ftsf\u00fchrung:<\/h5>\n<p>Michael Thomsen<\/p>\n<p>&nbsp;<\/p>\n<h5>Telefon &amp; Fax:<\/h5>\n<p>+45 72 15 13 00<\/p>\n<p>Fax: +45 72 15 15 16<\/p>\n<p>&nbsp;<\/p>\n<h5>Inhaltlich Verantwortlicher gem\u00e4\u00df \u00a7 18 Abs. 2 MStV:<\/h5>\n<p>Gerald Peter<br \/>\nHealthcare Sellution GmbH<br \/>\nOoser Luisenstrasse 23<br \/>\n76532 Baden-Baden<\/p>\n<h5>Internet:<\/h5>\n<p>voye.com\/de<\/p>\n","protected":false},"excerpt":{"rendered":"<p>Adresse: Diensteanbieter Fertin Pharma A\/S Dandyvej 19 DK-7100 Vejle D\u00e4nemark &nbsp; Steuer Nummer: 25834844 &nbsp; Handelsregister: 25834844 &nbsp; Gesch\u00e4ftsf\u00fchrung: Michael Thomsen &nbsp; Telefon &amp; Fax: +45 72 15 13 00 Fax: +45 72 15 15 16 &nbsp; Inhaltlich Verantwortlicher gem\u00e4\u00df \u00a7 18 Abs. 2 MStV: Gerald Peter Healthcare Sellution GmbH Ooser Luisenstrasse 23 76532 Baden-Baden [&hellip;]<\/p>\n","protected":false},"author":2,"featured_media":0,"parent":0,"menu_order":0,"comment_status":"closed","ping_status":"closed","template":"legal-page.php","meta":{"_acf_changed":false,"footnotes":""},"class_list":["post-1179","page","type-page","status-publish","hentry"],"acf":[],"_links":{"self":[{"href":"https:\/\/www.voye.com\/de\/wp-json\/wp\/v2\/pages\/1179","targetHints":{"allow":["GET"]}}],"collection":[{"href":"https:\/\/www.voye.com\/de\/wp-json\/wp\/v2\/pages"}],"about":[{"href":"https:\/\/www.voye.com\/de\/wp-json\/wp\/v2\/types\/page"}],"author":[{"embeddable":true,"href":"https:\/\/www.voye.com\/de\/wp-json\/wp\/v2\/users\/2"}],"replies":[{"embeddable":true,"href":"https:\/\/www.voye.com\/de\/wp-json\/wp\/v2\/comments?post=1179"}],"version-history":[{"count":9,"href":"https:\/\/www.voye.com\/de\/wp-json\/wp\/v2\/pages\/1179\/revisions"}],"predecessor-version":[{"id":1295,"href":"https:\/\/www.voye.com\/de\/wp-json\/wp\/v2\/pages\/1179\/revisions\/1295"}],"wp:attachment":[{"href":"https:\/\/www.voye.com\/de\/wp-json\/wp\/v2\/media?parent=1179"}],"curies":[{"name":"wp","href":"https:\/\/api.w.org\/{rel}","templated":true}]}}